{"id":106,"date":"2025-08-17T12:38:26","date_gmt":"2025-08-17T12:38:26","guid":{"rendered":"https:\/\/www.otonodecoration.com\/?post_type=product&#038;p=106"},"modified":"2025-08-17T12:39:18","modified_gmt":"2025-08-17T12:39:18","slug":"dekoratif-ay-tabak","status":"publish","type":"product","link":"https:\/\/www.otonodecoration.com\/index.php\/urun\/dekoratif-ay-tabak\/","title":{"rendered":"Dekoratif Ay Tabak"},"content":{"rendered":"<ul>\n<li>DEKORAT\u0130F AL\u00c7I \u0130\u00c7ER\u0130S\u0130NDE PORTAKAL \u00c7\u0130\u00c7E\u011e\u0130 KOKULU AY TABA\u011eI.<\/li>\n<li>\u00dcR\u00dcN OTONO TARAFINDAN G\u00d6NDER\u0130LECEKT\u0130R.<\/li>\n<\/ul>\n","protected":false},"excerpt":{"rendered":"<p>DEKORAT\u0130F AL\u00c7I \u0130\u00c7ER\u0130S\u0130NDE PORTAKAL \u00c7\u0130\u00c7E\u011e\u0130 KOKULU AY TABA\u011eI. \u00dcR\u00dcN OTONO TARAFINDAN G\u00d6NDER\u0130LECEKT\u0130R.<\/p>\n","protected":false},"featured_media":107,"comment_status":"open","ping_status":"closed","template":"","meta":[],"product_brand":[],"product_cat":[24],"product_tag":[],"class_list":{"0":"post-106","1":"product","2":"type-product","3":"status-publish","4":"has-post-thumbnail","6":"product_cat-dekoratif-tabaklar","8":"first","9":"instock","10":"taxable","11":"shipping-taxable","12":"purchasable","13":"product-type-simple","14":"add-to-wishlist-before_image"},"_links":{"self":[{"href":"https:\/\/www.otonodecoration.com\/index.php\/wp-json\/wp\/v2\/product\/106","targetHints":{"allow":["GET"]}}],"collection":[{"href":"https:\/\/www.otonodecoration.com\/index.php\/wp-json\/wp\/v2\/product"}],"about":[{"href":"https:\/\/www.otonodecoration.com\/index.php\/wp-json\/wp\/v2\/types\/product"}],"replies":[{"embeddable":true,"href":"https:\/\/www.otonodecoration.com\/index.php\/wp-json\/wp\/v2\/comments?post=106"}],"wp:featuredmedia":[{"embeddable":true,"href":"https:\/\/www.otonodecoration.com\/index.php\/wp-json\/wp\/v2\/media\/107"}],"wp:attachment":[{"href":"https:\/\/www.otonodecoration.com\/index.php\/wp-json\/wp\/v2\/media?parent=106"}],"wp:term":[{"taxonomy":"product_brand","embeddable":true,"href":"https:\/\/www.otonodecoration.com\/index.php\/wp-json\/wp\/v2\/product_brand?post=106"},{"taxonomy":"product_cat","embeddable":true,"href":"https:\/\/www.otonodecoration.com\/index.php\/wp-json\/wp\/v2\/product_cat?post=106"},{"taxonomy":"product_tag","embeddable":true,"href":"https:\/\/www.otonodecoration.com\/index.php\/wp-json\/wp\/v2\/product_tag?post=106"}],"curies":[{"name":"wp","href":"https:\/\/api.w.org\/{rel}","templated":true}]}}